{"id":2535,"date":"2022-04-29T14:44:15","date_gmt":"2022-04-29T14:44:15","guid":{"rendered":"https:\/\/tekvimo.com\/tekvimo\/?page_id=2535"},"modified":"2022-11-12T19:43:27","modified_gmt":"2022-11-12T19:43:27","slug":"serie-fpsm4","status":"publish","type":"page","link":"https:\/\/tekvimo.com\/tekvimo\/canteadoras-y-biseladoras\/serie-fpsm4\/","title":{"rendered":"SERIE FPSM4"},"content":{"rendered":"<p>[vc_row][vc_column]\t\t<div class=\"wd-heading text-center  text-left\" >\r\n\t\t\t\r\n\t\t\t\t\r\n\t\t\t\t<h2 style=\"margin:0;font-family:;font-weight:400;color:#111111;\" >\r\n\t\t\t\t\tRECTIL\u00cdNEA FPS-M4\t\t\t\t<\/h2>\r\n\r\n\t\t\t\t\r\n\t\t\t\t<h4 style=\"font-family:;font-weight:400;\" >\r\n\t\t\t\t\t\t\t\t\t<\/h4>\r\n\r\n\t\t\t\t\r\n\t\t\t\t\t<\/div>\r\n\r\n\t\t[vc_single_image image=\u00bb2536&#8243; img_size=\u00bb850&#215;500&#8243; alignment=\u00bbcenter\u00bb css=\u00bb.vc_custom_1664350973654{margin-bottom: 30px !important;}\u00bb][vc_single_image image=\u00bb4265&#8243; img_size=\u00bbfull\u00bb alignment=\u00bbcenter\u00bb css=\u00bb.vc_custom_1666523229498{margin-bottom: 30px !important;}\u00bb][vc_column_text]Para el canto plano con aristas[\/vc_column_text][vc_column_text css=\u00bb.vc_custom_1668069875273{margin-left: 20px !important;}\u00bb]<\/p>\n<ul>\n<li>Transportador formado por patines engomados, fijados a cadenas con apoyo de rodamientos de bolas, que se deslizan sobre gu\u00edas de acero.<\/li>\n<li>El carro no requiere lubricaci\u00f3n continua.<\/li>\n<li>Ajuste autom\u00e1tico de las ruedas de pulido.<\/li>\n<li>Visualizaci\u00f3n de par\u00e1metros de procesamiento en PLC<\/li>\n<li>Refrigeraci\u00f3n por agua con sistema de circuito cerrado.<\/li>\n<li>Protecciones y dispositivos de seguridad para salvaguardar al operario.<\/li>\n<li>Sistema el\u00e9ctrico seg\u00fan normas CE<\/li>\n<\/ul>\n<p>[\/vc_column_text][\/vc_column][\/vc_row][vc_row][vc_column][vc_single_image image=\u00bb2537&#8243; img_size=\u00bbfull\u00bb alignment=\u00bbcenter\u00bb][\/vc_column][vc_column][\/vc_column][\/vc_row][vc_row][vc_column width=\u00bb1\/2&#8243;][vc_message css=\u00bb.vc_custom_1668282174910{margin-right: 10px !important;}\u00bb]<strong>COMPOSICI\u00d3N DE LAS MUELAS FPS-M4<\/strong>[\/vc_message][vc_single_image image=\u00bb2541&#8243; img_size=\u00bbfull\u00bb][\/vc_column][vc_column width=\u00bb1\/2&#8243;][vc_message]<strong>PERFIL FPS-M4<\/strong>[\/vc_message][vc_single_image image=\u00bb2542&#8243; img_size=\u00bbfull\u00bb][\/vc_column][\/vc_row][vc_row][vc_column][vc_message css=\u00bb.vc_custom_1665414250076{margin-right: 10px !important;}\u00bb]<\/p>\n<div data-pm-slice=\"1 1 []\" data-en-clipboard=\"true\"><b>*Disponemos de todos los recambios originales y servicio t\u00e9cnico.<\/b><\/div>\n<p>[\/vc_message][\/vc_column][\/vc_row][vc_row][vc_column width=\u00bb2\/3&#8243;][vc_message icon_fontawesome=\u00bbfas fa-at\u00bb css=\u00bb.vc_custom_1668108347711{margin-right: 10px !important;}\u00bb]<\/p>\n<div data-pm-slice=\"1 1 []\" data-en-clipboard=\"true\"><strong>Solicita informaci\u00f3n de este producto<\/strong><\/div>\n<p>[\/vc_message]\n<div class=\"wpcf7 no-js\" id=\"wpcf7-f2530-o1\" lang=\"es-ES\" dir=\"ltr\" data-wpcf7-id=\"2530\">\n<div class=\"screen-reader-response\"><p role=\"status\" aria-live=\"polite\" aria-atomic=\"true\"><\/p> <ul><\/ul><\/div>\n<form action=\"\/tekvimo\/wp-json\/wp\/v2\/pages\/2535#wpcf7-f2530-o1\" method=\"post\" class=\"wpcf7-form init\" aria-label=\"Formulario de contacto\" novalidate=\"novalidate\" data-status=\"init\">\n<fieldset class=\"hidden-fields-container\"><input type=\"hidden\" name=\"_wpcf7\" value=\"2530\" \/><input type=\"hidden\" name=\"_wpcf7_version\" value=\"6.1.5\" \/><input type=\"hidden\" name=\"_wpcf7_locale\" value=\"es_ES\" \/><input type=\"hidden\" name=\"_wpcf7_unit_tag\" value=\"wpcf7-f2530-o1\" \/><input type=\"hidden\" name=\"_wpcf7_container_post\" value=\"0\" \/><input type=\"hidden\" name=\"_wpcf7_posted_data_hash\" value=\"\" \/>\n<\/fieldset>\n<p><label> Tu nombre<br \/>\n<span class=\"wpcf7-form-control-wrap\" data-name=\"your-name\"><input size=\"40\" maxlength=\"400\" class=\"wpcf7-form-control wpcf7-text wpcf7-validates-as-required\" aria-required=\"true\" aria-invalid=\"false\" value=\"\" type=\"text\" name=\"your-name\" \/><\/span> <\/label>\n<\/p>\n<p><label> Tu correo electr\u00f3nico<br \/>\n<span class=\"wpcf7-form-control-wrap\" data-name=\"your-email\"><input size=\"40\" maxlength=\"400\" class=\"wpcf7-form-control wpcf7-email wpcf7-validates-as-required wpcf7-text wpcf7-validates-as-email\" aria-required=\"true\" aria-invalid=\"false\" value=\"\" type=\"email\" name=\"your-email\" \/><\/span> <\/label>\n<\/p>\n<p><label> Asunto<br \/>\n<span class=\"wpcf7-form-control-wrap\" data-name=\"your-subject\"><input size=\"40\" maxlength=\"400\" class=\"wpcf7-form-control wpcf7-text wpcf7-validates-as-required\" aria-required=\"true\" aria-invalid=\"false\" value=\"\" type=\"text\" name=\"your-subject\" \/><\/span> <\/label>\n<\/p>\n<p><label> Tu mensaje (opcional)<br \/>\n<span class=\"wpcf7-form-control-wrap\" data-name=\"your-message\"><textarea cols=\"40\" rows=\"10\" maxlength=\"2000\" class=\"wpcf7-form-control wpcf7-textarea\" aria-invalid=\"false\" name=\"your-message\"><\/textarea><\/span> <\/label>\n<\/p>\n<p><input class=\"wpcf7-form-control wpcf7-submit has-spinner\" type=\"submit\" value=\"Enviar\" \/>\n<\/p><div class=\"wpcf7-response-output\" aria-hidden=\"true\"><\/div>\n<\/form>\n<\/div>\n[\/vc_column][vc_column width=\u00bb1\/3&#8243;][vc_message icon_fontawesome=\u00bbfas fa-file-pdf\u00bb css=\u00bb.vc_custom_1668282202202{margin-right: 10px !important;}\u00bb]<strong>DESC\u00c1RGATE EL CAT\u00c1LOGO<\/strong>[\/vc_message][vc_single_image image=\u00bb2546&#8243; img_size=\u00bbfull\u00bb onclick=\u00bbcustom_link\u00bb img_link_target=\u00bb_blank\u00bb link=\u00bbhttps:\/\/tekvimo.com\/tekvimo\/wp-content\/uploads\/2015\/05\/Schiatti_cat-gen_2016_LR.pdf\u00bb][\/vc_column][\/vc_row]<\/p>\n","protected":false},"excerpt":{"rendered":"<p>[vc_row][vc_column][vc_single_image image=\u00bb2536&#8243; img_size=\u00bb850&#215;500&#8243; alignment=\u00bbcenter\u00bb css=\u00bb.vc_custom_1664350973654{margin-bottom: 30px !important;}\u00bb][vc_single_image image=\u00bb4265&#8243; img_size=\u00bbfull\u00bb alignment=\u00bbcenter\u00bb css=\u00bb.vc_custom_1666523229498{margin-bottom: 30px !important;}\u00bb][vc_column_text]Para el canto plano con aristas[\/vc_column_text][vc_column_text css=\u00bb.vc_custom_1668069875273{margin-left: 20px !important;}\u00bb] Transportador formado por patines engomados, fijados a cadenas con apoyo de rodamientos de bolas, que se deslizan sobre gu\u00edas de acero. El carro no requiere lubricaci\u00f3n continua. Ajuste autom\u00e1tico de las ruedas de pulido.Leer m\u00e1s&#8230;<\/p>\n","protected":false},"author":1,"featured_media":0,"parent":2234,"menu_order":1,"comment_status":"closed","ping_status":"closed","template":"page-template\/left-sidebar.php","meta":{"footnotes":""},"class_list":["post-2535","page","type-page","status-publish","hentry"],"_links":{"self":[{"href":"https:\/\/tekvimo.com\/tekvimo\/wp-json\/wp\/v2\/pages\/2535","targetHints":{"allow":["GET"]}}],"collection":[{"href":"https:\/\/tekvimo.com\/tekvimo\/wp-json\/wp\/v2\/pages"}],"about":[{"href":"https:\/\/tekvimo.com\/tekvimo\/wp-json\/wp\/v2\/types\/page"}],"author":[{"embeddable":true,"href":"https:\/\/tekvimo.com\/tekvimo\/wp-json\/wp\/v2\/users\/1"}],"replies":[{"embeddable":true,"href":"https:\/\/tekvimo.com\/tekvimo\/wp-json\/wp\/v2\/comments?post=2535"}],"version-history":[{"count":22,"href":"https:\/\/tekvimo.com\/tekvimo\/wp-json\/wp\/v2\/pages\/2535\/revisions"}],"predecessor-version":[{"id":4605,"href":"https:\/\/tekvimo.com\/tekvimo\/wp-json\/wp\/v2\/pages\/2535\/revisions\/4605"}],"up":[{"embeddable":true,"href":"https:\/\/tekvimo.com\/tekvimo\/wp-json\/wp\/v2\/pages\/2234"}],"wp:attachment":[{"href":"https:\/\/tekvimo.com\/tekvimo\/wp-json\/wp\/v2\/media?parent=2535"}],"curies":[{"name":"wp","href":"https:\/\/api.w.org\/{rel}","templated":true}]}}