{"id":4019,"date":"2022-09-28T07:31:47","date_gmt":"2022-09-28T07:31:47","guid":{"rendered":"https:\/\/tekvimo.com\/tekvimo\/?page_id=4019"},"modified":"2022-11-12T19:47:54","modified_gmt":"2022-11-12T19:47:54","slug":"taladros","status":"publish","type":"page","link":"https:\/\/tekvimo.com\/tekvimo\/canteadoras-y-biseladoras\/taladros\/","title":{"rendered":"BILATERALES SERIES BFP &#8211; BFT"},"content":{"rendered":"<p>[vc_row][vc_column]\t\t<div class=\"wd-heading text-center  text-left\" >\r\n\t\t\t\r\n\t\t\t\t\r\n\t\t\t\t<h1 style=\"margin:0;font-family:;font-weight:400;color:#111111;\" >\r\n\t\t\t\t\tBILATERALES SERIES BFP - BFT\t\t\t\t<\/h1>\r\n\r\n\t\t\t\t\r\n\t\t\t\t<h4 style=\"font-family:;font-weight:400;\" >\r\n\t\t\t\t\t\t\t\t\t<\/h4>\r\n\r\n\t\t\t\t\r\n\t\t\t\t\t<\/div>\r\n\r\n\t\t\r\n\r\n<div class=\"wd_empty_space\" data-heightmobile=\"15\" data-heighttablet=\"15\" data-heightdesktop=\"15\">\r\n\r\n<\/div>\r\n      \r\n\r\n\r\n\r\n        \r\n      \r\n    [vc_single_image image=\u00bb4077&#8243; img_size=\u00bbfull\u00bb alignment=\u00bbcenter\u00bb css=\u00bb.vc_custom_1665045477092{margin-bottom: 30px !important;}\u00bb title=\u00bbSERIE BFT\u00bb][vc_single_image image=\u00bb4265&#8243; img_size=\u00bbfull\u00bb alignment=\u00bbcenter\u00bb css=\u00bb.vc_custom_1666523358665{margin-bottom: 30px !important;}\u00bb][vc_column_text]Para la realizaci\u00f3n de canto redondo &#8211; pulido (mod. 2D + 1L &#8211; 2D + 1L + SP &#8211; 2D + 2L &#8211; 2D + 2L + SP) y no pulido (mod.2D &#8211; 2D + SP)<\/p>\n<p>Especialmente indicado para industrias medianas y grandes para la producci\u00f3n de vidrios para autom\u00f3viles, vidrios para sistemas fotovoltaicos, vidrios para cocinas, espejos y estantes para muebles de ba\u00f1o.[\/vc_column_text][vc_column_text css=\u00bb.vc_custom_1668070319092{margin-left: 20px !important;}\u00bb]<\/p>\n<ul>\n<li>Transportador con correas dentadas equipado con un sistema de doble tracci\u00f3n ajustable en todos los espesores<\/li>\n<li>Unidad de escuadrado para escuadrar las hojas de vidrio<\/li>\n<li>Grupo de alineaci\u00f3n para dividir por igual la eliminaci\u00f3n de vidrio en ambos lados<\/li>\n<li>Ajuste independiente de las muelas de diamante<\/li>\n<li>Los grupos de trabajo pueden girar hacia el exterior para facilitar las operaciones de mantenimiento y sustituci\u00f3n<\/li>\n<li>PLC para ajuste de espesor, velocidad de procesamiento, dispositivos, para mostrar todos los par\u00e1metros de procesamiento y diagn\u00f3stico de fallas<\/li>\n<li>Refrigeraci\u00f3n por agua con sistema de circuito cerrado<\/li>\n<li>Protecciones y dispositivos de seguridad para salvaguardar al operario<\/li>\n<li>Sistema el\u00e9ctrico seg\u00fan normas CE<\/li>\n<li>Posibilidad de l\u00edneas completas compuestas por 2 m\u00e1quinas bilaterales y 1 mesa de conexi\u00f3n<\/li>\n<\/ul>\n<p>[\/vc_column_text][vc_video link=\u00bbhttps:\/\/www.youtube.com\/watch?v=d_7ohRTtDug\u00bb][\/vc_column][\/vc_row][vc_row][vc_column][vc_separator color=\u00bbsky\u00bb border_width=\u00bb2&#8243;][vc_single_image image=\u00bb4075&#8243; img_size=\u00bbfull\u00bb alignment=\u00bbcenter\u00bb css=\u00bb.vc_custom_1665045483612{margin-bottom: 30px !important;}\u00bb title=\u00bbSERIE BFP\u00bb][vc_column_text]Para la realizaci\u00f3n de canto plano con aristas, pulido<\/p>\n<p>Especialmente adecuado para industrias medianas y grandes para la producci\u00f3n de espejos, estantes de ba\u00f1o, baldosas de vidrio, vidrio laminado y mesas.[\/vc_column_text][vc_column_text css=\u00bb.vc_custom_1668070557872{margin-left: 20px !important;}\u00bb]<\/p>\n<ul>\n<li>Transportador con correas dentadas equipado con un sistema de doble tracci\u00f3n ajustable en todos los espesores<\/li>\n<\/ul>\n<ul>\n<li>Unidad de escuadrado para escuadrar las hojas de vidrio<\/li>\n<\/ul>\n<ul>\n<li>Grupo de alineaci\u00f3n para dividir por igual la eliminaci\u00f3n de vidrio en ambos lados<\/li>\n<\/ul>\n<ul>\n<li>Ajuste independiente de las muelas de diamante<\/li>\n<\/ul>\n<ul>\n<li>Ajuste autom\u00e1tico de las ruedas de pulido.<\/li>\n<\/ul>\n<ul>\n<li>PLC para ajuste de espesor, velocidad de procesamiento, dispositivos, para mostrar todos los par\u00e1metros de procesamiento y diagn\u00f3stico de fallas<\/li>\n<\/ul>\n<ul>\n<li>Refrigeraci\u00f3n por agua con sistema de circuito cerrado<\/li>\n<\/ul>\n<ul>\n<li>Protecciones y dispositivos de seguridad para salvaguardar al operario<\/li>\n<li>Sistema el\u00e9ctrico seg\u00fan normas CE<\/li>\n<\/ul>\n<p>&nbsp;<\/p>\n<ul>\n<li>Posibilidad de l\u00edneas completas compuestas por 2 m\u00e1quinas bilaterales y 1 mesa de conexi\u00f3n<\/li>\n<\/ul>\n<p>[\/vc_column_text][\/vc_column][\/vc_row][vc_row][vc_column][vc_message css=\u00bb.vc_custom_1665414904759{margin-right: 10px !important;}\u00bb]<\/p>\n<div data-pm-slice=\"1 1 []\" data-en-clipboard=\"true\"><b>*Disponemos de todos los recambios originales y servicio t\u00e9cnico.<\/b><\/div>\n<p>[\/vc_message][\/vc_column][\/vc_row][vc_row][vc_column width=\u00bb2\/3&#8243;][vc_message icon_fontawesome=\u00bbfas fa-at\u00bb]<\/p>\n<div data-pm-slice=\"1 1 []\" data-en-clipboard=\"true\"><strong>Solicita informaci\u00f3n de este producto<\/strong><\/div>\n<p>[\/vc_message]\n<div class=\"wpcf7 no-js\" id=\"wpcf7-f2530-o1\" lang=\"es-ES\" dir=\"ltr\" data-wpcf7-id=\"2530\">\n<div class=\"screen-reader-response\"><p role=\"status\" aria-live=\"polite\" aria-atomic=\"true\"><\/p> <ul><\/ul><\/div>\n<form action=\"\/tekvimo\/wp-json\/wp\/v2\/pages\/4019#wpcf7-f2530-o1\" method=\"post\" class=\"wpcf7-form init\" aria-label=\"Formulario de contacto\" novalidate=\"novalidate\" data-status=\"init\">\n<fieldset class=\"hidden-fields-container\"><input type=\"hidden\" name=\"_wpcf7\" value=\"2530\" \/><input type=\"hidden\" name=\"_wpcf7_version\" value=\"6.1.5\" \/><input type=\"hidden\" name=\"_wpcf7_locale\" value=\"es_ES\" \/><input type=\"hidden\" name=\"_wpcf7_unit_tag\" value=\"wpcf7-f2530-o1\" \/><input type=\"hidden\" name=\"_wpcf7_container_post\" value=\"0\" \/><input type=\"hidden\" name=\"_wpcf7_posted_data_hash\" value=\"\" \/>\n<\/fieldset>\n<p><label> Tu nombre<br \/>\n<span class=\"wpcf7-form-control-wrap\" data-name=\"your-name\"><input size=\"40\" maxlength=\"400\" class=\"wpcf7-form-control wpcf7-text wpcf7-validates-as-required\" aria-required=\"true\" aria-invalid=\"false\" value=\"\" type=\"text\" name=\"your-name\" \/><\/span> <\/label>\n<\/p>\n<p><label> Tu correo electr\u00f3nico<br \/>\n<span class=\"wpcf7-form-control-wrap\" data-name=\"your-email\"><input size=\"40\" maxlength=\"400\" class=\"wpcf7-form-control wpcf7-email wpcf7-validates-as-required wpcf7-text wpcf7-validates-as-email\" aria-required=\"true\" aria-invalid=\"false\" value=\"\" type=\"email\" name=\"your-email\" \/><\/span> <\/label>\n<\/p>\n<p><label> Asunto<br \/>\n<span class=\"wpcf7-form-control-wrap\" data-name=\"your-subject\"><input size=\"40\" maxlength=\"400\" class=\"wpcf7-form-control wpcf7-text wpcf7-validates-as-required\" aria-required=\"true\" aria-invalid=\"false\" value=\"\" type=\"text\" name=\"your-subject\" \/><\/span> <\/label>\n<\/p>\n<p><label> Tu mensaje (opcional)<br \/>\n<span class=\"wpcf7-form-control-wrap\" data-name=\"your-message\"><textarea cols=\"40\" rows=\"10\" maxlength=\"2000\" class=\"wpcf7-form-control wpcf7-textarea\" aria-invalid=\"false\" name=\"your-message\"><\/textarea><\/span> <\/label>\n<\/p>\n<p><input class=\"wpcf7-form-control wpcf7-submit has-spinner\" type=\"submit\" value=\"Enviar\" \/>\n<\/p><div class=\"wpcf7-response-output\" aria-hidden=\"true\"><\/div>\n<\/form>\n<\/div>\n[\/vc_column][vc_column width=\u00bb1\/3&#8243;][vc_message icon_fontawesome=\u00bbfas fa-file-pdf\u00bb css=\u00bb.vc_custom_1668282471811{margin-right: 10px !important;}\u00bb]<strong>DESC\u00c1RGATE EL CAT\u00c1LOGO<\/strong>[\/vc_message][vc_single_image image=\u00bb2546&#8243; img_size=\u00bbfull\u00bb onclick=\u00bbcustom_link\u00bb img_link_target=\u00bb_blank\u00bb link=\u00bbhttps:\/\/tekvimo.com\/tekvimo\/wp-content\/uploads\/2015\/05\/Schiatti_cat-gen_2016_LR.pdf\u00bb][\/vc_column][\/vc_row]<\/p>\n","protected":false},"excerpt":{"rendered":"<p>[vc_row][vc_column][vc_single_image image=\u00bb4077&#8243; img_size=\u00bbfull\u00bb alignment=\u00bbcenter\u00bb css=\u00bb.vc_custom_1665045477092{margin-bottom: 30px !important;}\u00bb title=\u00bbSERIE BFT\u00bb][vc_single_image image=\u00bb4265&#8243; img_size=\u00bbfull\u00bb alignment=\u00bbcenter\u00bb css=\u00bb.vc_custom_1666523358665{margin-bottom: 30px !important;}\u00bb][vc_column_text]Para la realizaci\u00f3n de canto redondo &#8211; pulido (mod. 2D + 1L &#8211; 2D + 1L + SP &#8211; 2D + 2L &#8211; 2D + 2L + SP) y no pulido (mod.2D &#8211; 2D + SP) Especialmente indicado para industrias medianasLeer m\u00e1s&#8230;<\/p>\n","protected":false},"author":1,"featured_media":0,"parent":2234,"menu_order":1,"comment_status":"closed","ping_status":"closed","template":"page-template\/left-sidebar.php","meta":{"footnotes":""},"class_list":["post-4019","page","type-page","status-publish","hentry"],"_links":{"self":[{"href":"https:\/\/tekvimo.com\/tekvimo\/wp-json\/wp\/v2\/pages\/4019","targetHints":{"allow":["GET"]}}],"collection":[{"href":"https:\/\/tekvimo.com\/tekvimo\/wp-json\/wp\/v2\/pages"}],"about":[{"href":"https:\/\/tekvimo.com\/tekvimo\/wp-json\/wp\/v2\/types\/page"}],"author":[{"embeddable":true,"href":"https:\/\/tekvimo.com\/tekvimo\/wp-json\/wp\/v2\/users\/1"}],"replies":[{"embeddable":true,"href":"https:\/\/tekvimo.com\/tekvimo\/wp-json\/wp\/v2\/comments?post=4019"}],"version-history":[{"count":16,"href":"https:\/\/tekvimo.com\/tekvimo\/wp-json\/wp\/v2\/pages\/4019\/revisions"}],"predecessor-version":[{"id":4611,"href":"https:\/\/tekvimo.com\/tekvimo\/wp-json\/wp\/v2\/pages\/4019\/revisions\/4611"}],"up":[{"embeddable":true,"href":"https:\/\/tekvimo.com\/tekvimo\/wp-json\/wp\/v2\/pages\/2234"}],"wp:attachment":[{"href":"https:\/\/tekvimo.com\/tekvimo\/wp-json\/wp\/v2\/media?parent=4019"}],"curies":[{"name":"wp","href":"https:\/\/api.w.org\/{rel}","templated":true}]}}