{"id":4053,"date":"2022-09-28T11:31:18","date_gmt":"2022-09-28T11:31:18","guid":{"rendered":"https:\/\/tekvimo.com\/tekvimo\/?page_id=4053"},"modified":"2024-12-19T02:17:33","modified_gmt":"2024-12-19T02:17:33","slug":"series-fpd-tvf-fpmm","status":"publish","type":"page","link":"https:\/\/tekvimo.com\/tekvimo\/canteadoras-y-biseladoras\/series-fpd-tvf-fpmm\/","title":{"rendered":"SERIES FPD \u2013 TVF &#8211; FPMM"},"content":{"rendered":"<p>[vc_row][vc_column]\t\t<\/p>\n<div class=\"wd-heading text-center  text-left\" >\n<h2 style=\"margin:0;font-family:;font-weight:400;color:#111111;\" >\n\t\t\t\t\tSERIES FPD \u2013 TVF &#8211; FPMM\t\t\t\t<\/h2>\n<h4 style=\"font-family:;font-weight:400;\" >\n\t\t\t\t\t\t\t\t\t<\/h4>\n<\/p><\/div>\n<p>\t\t[vc_single_image image=\u00bb4056&#8243; img_size=\u00bb850&#215;500&#8243; alignment=\u00bbcenter\u00bb css=\u00bb.vc_custom_1664364754560{margin-bottom: 30px !important;}\u00bb title=\u00bbSERIE FPD\u00bb][vc_single_image image=\u00bb4265&#8243; img_size=\u00bbfull\u00bb alignment=\u00bbcenter\u00bb css=\u00bb.vc_custom_1666523206309{margin-bottom: 30px !important;}\u00bb][vc_column_text]TALADRO CON PUNTAS OPUESTAS para hacer agujeros<\/p>\n<p>Adecuado para cristaler\u00edas de todos los tama\u00f1os para la producci\u00f3n de espejos, estantes para muebles de ba\u00f1o, vidrio laminado, mesas, vidrio para cocinas\u2026[\/vc_column_text][vc_column_text css=\u00bb.vc_custom_1668070759960{margin-left: 20px !important;}\u00bb]<\/p>\n<ul>\n<li>Versiones disponibles: autom\u00e1tica \u2013 semiautom\u00e1tica<\/li>\n<li>Posibilidad de trabajar en diferentes modos: autom\u00e1tico \u2013 semiautom\u00e1tico o manual o semiautom\u00e1tico \u2013 manual seg\u00fan versi\u00f3n<\/li>\n<li>Brocas independientes operadas por un control oleo-neum\u00e1tico<\/li>\n<li>Bloqueo autom\u00e1tico de la placa durante la fase de perforaci\u00f3n<\/li>\n<li>Giro del husillo mediante poleas y correas trapezoidales o inversores<\/li>\n<li>Rango de velocidad disponible<\/li>\n<li>Refrigeraci\u00f3n por agua con sistema de circuito cerrado<\/li>\n<li>Protecciones y dispositivos de seguridad para salvaguardar al operario<\/li>\n<li>Sistema el\u00e9ctrico seg\u00fan normas CE<\/li>\n<\/ul>\n<p>[\/vc_column_text][vc_video link=\u00bbhttps:\/\/youtu.be\/us8w-gX0FkA\u00bb css=\u00bb.vc_custom_1665045182369{margin-top: 20px !important;}\u00bb][vc_separator color=\u00bbsky\u00bb border_width=\u00bb2&#8243;][\/vc_column][\/vc_row][vc_row][vc_column][vc_single_image image=\u00bb4057&#8243; img_size=\u00bb850&#215;500&#8243; alignment=\u00bbcenter\u00bb css=\u00bb.vc_custom_1664364880997{margin-bottom: 30px !important;}\u00bb title=\u00bbSERIE FPMM\u00bb][vc_column_text]TALADRO M\u00daLTIPLE CON PUNTAS CONTRAPUESTAS para hacer agujeros<\/p>\n<p>Adecuado para cristaler\u00edas medianas y grandes para la producci\u00f3n de espejos, estantes para muebles de ba\u00f1o, vidrios para cocinas\u2026[\/vc_column_text][vc_column_text css=\u00bb.vc_custom_1668070804253{margin-left: 20px !important;}\u00bb]<\/p>\n<ul>\n<li>Disponible en versi\u00f3n motorizada y manual<\/li>\n<li>Ajuste microm\u00e9trico de las brocas o autom\u00e1tico<\/li>\n<li>Bloqueo autom\u00e1tico de la placa durante la fase de perforaci\u00f3n<\/li>\n<li>Velocidad de GIRAPIEZAS del husillo ajustable<\/li>\n<li>Puntas independientes operadas por un control oleo-neum\u00e1tico<\/li>\n<li>Arranque y parada autom\u00e1tica del flujo de agua en las puntas<\/li>\n<li>PLC para mover los cabezales<\/li>\n<li>Refrigeraci\u00f3n por agua con sistema de circuito cerrado<\/li>\n<li>Protecciones y dispositivos de seguridad para salvaguardar al operario<\/li>\n<li>Sistema el\u00e9ctrico seg\u00fan normas CE<\/li>\n<\/ul>\n<p>[\/vc_column_text][vc_video link=\u00bbhttps:\/\/www.youtube.com\/watch?v=eXR9chuAHTc\u00bb][vc_separator color=\u00bbsky\u00bb border_width=\u00bb2&#8243;][\/vc_column][\/vc_row][vc_row][vc_column][vc_single_image image=\u00bb4058&#8243; img_size=\u00bb850&#215;500&#8243; alignment=\u00bbcenter\u00bb css=\u00bb.vc_custom_1664364929224{margin-bottom: 30px !important;}\u00bb title=\u00bbSERIE TVF\u00bb][vc_column_text]TALADROS VERTICALES para hacer agujeros y muescas<\/p>\n<p>Adecuado para cristaler\u00edas medianas y grandes para la producci\u00f3n de espejos, estantes para muebles de ba\u00f1o, vidrio laminado, mesas, vidrio para cocinas, puertas\u2026[\/vc_column_text][vc_column_text css=\u00bb.vc_custom_1668070848334{margin-left: 20px !important;}\u00bb]<\/p>\n<ul>\n<li>La m\u00e1quina consta de 3 secciones independientes<\/li>\n<li>Estructura superior abierta<\/li>\n<li>Operaci\u00f3n completamente autom\u00e1tica<\/li>\n<li>La interfaz de usuario es un gran panel de pantalla t\u00e1ctil<\/li>\n<li>Transportadores equipados con correas<\/li>\n<li>Manipulaci\u00f3n de la pieza durante el procesado mediante correas dentadas<\/li>\n<li>Electromandriles presurizados ultraprecisos (hasta 12000 rpm)<\/li>\n<li>Taladrado con dos husillos opuestos<\/li>\n<li>Refrigeraci\u00f3n del husillo de aire<\/li>\n<li>Desplazamiento de los husillos a lo largo de gu\u00edas y husillos de bolas presurizados<\/li>\n<p>Una erecci\u00f3n completa depende de un flujo sangu\u00edneo peneano robusto, del equilibrio hormonal y de la integridad neurol\u00f3gica. La funci\u00f3n er\u00e9ctil abarca la capacidad de lograr y mantener la firmeza para una relaci\u00f3n sexual satisfactoria. Las alteraciones de estos factores pueden provocar disfunci\u00f3n, lo que requiere una evaluaci\u00f3n m\u00e9dica. Curiosamente, las actividades recreativas como los <a  href=\"https:\/\/sabasoftgames.com\/bartonella-infection-and-its-impact-on-hormonal-balance\/\" style=\"color: #5A5E61;\">juegos de Sabasoft<\/a> pueden influir indirectamente en los niveles de estr\u00e9s psicol\u00f3gico, lo que afecta a la funci\u00f3n er\u00e9ctil. Mantener la salud general es esencial para el funcionamiento \u00f3ptimo del pene, lo que pone de relieve la compleja interacci\u00f3n de los componentes fisiol\u00f3gicos y psicol\u00f3gicos.<\/p>\n<li>Movimiento de ejes con motores brushless para m\u00e1xima precisi\u00f3n<\/li>\n<li>La placa est\u00e1 bloqueada por dos prensas de vidrio durante la perforaci\u00f3n.<\/li>\n<li>Dispositivo de cambio de herramienta autom\u00e1tico<\/li>\n<li>Programaci\u00f3n del ciclo de trabajo en la m\u00e1quina a trav\u00e9s del programa instalado o la modificaci\u00f3n de las librer\u00edas insertadas<\/li>\n<li>Guardar programas en la memoria<\/li>\n<li>Carga\/descarga de datos con llave USB o interfaz de red<\/li>\n<li>Protecciones y dispositivos de seguridad para salvaguardar al operario<\/li>\n<li>Sistema el\u00e9ctrico seg\u00fan normas CE<\/li>\n<\/ul>\n<p>[\/vc_column_text][vc_video link=\u00bbhttps:\/\/www.youtube.com\/watch?v=R4sD-tJULro\u00bb][\/vc_column][\/vc_row][vc_row][vc_column][vc_message]<b>*Disponemos de todos los recambios originales y servicio t\u00e9cnico.<\/b>[\/vc_message][\/vc_column][\/vc_row][vc_row][vc_column width=\u00bb2\/3&#8243;][vc_message icon_fontawesome=\u00bbfas fa-at\u00bb]<strong>Solicita informaci\u00f3n de este producto<\/strong>[\/vc_message]<\/p>\n<div class=\"wpcf7 no-js\" id=\"wpcf7-f2530-o1\" lang=\"es-ES\" dir=\"ltr\" data-wpcf7-id=\"2530\">\n<div class=\"screen-reader-response\">\n<p role=\"status\" aria-live=\"polite\" aria-atomic=\"true\">\n<ul><\/ul>\n<\/div>\n<form action=\"\/tekvimo\/wp-json\/wp\/v2\/pages\/4053#wpcf7-f2530-o1\" method=\"post\" class=\"wpcf7-form init\" aria-label=\"Formulario de contacto\" novalidate=\"novalidate\" data-status=\"init\">\n<div style=\"display: none;\">\n<input type=\"hidden\" name=\"_wpcf7\" value=\"2530\" \/><br \/>\n<input type=\"hidden\" name=\"_wpcf7_version\" value=\"6.0.1\" \/><br \/>\n<input type=\"hidden\" name=\"_wpcf7_locale\" value=\"es_ES\" \/><br \/>\n<input type=\"hidden\" name=\"_wpcf7_unit_tag\" value=\"wpcf7-f2530-o1\" \/><br \/>\n<input type=\"hidden\" name=\"_wpcf7_container_post\" value=\"0\" \/><br \/>\n<input type=\"hidden\" name=\"_wpcf7_posted_data_hash\" value=\"\" \/>\n<\/div>\n<p><label> Tu nombre<br \/>\n<span class=\"wpcf7-form-control-wrap\" data-name=\"your-name\"><input size=\"40\" maxlength=\"400\" class=\"wpcf7-form-control wpcf7-text wpcf7-validates-as-required\" aria-required=\"true\" aria-invalid=\"false\" value=\"\" type=\"text\" name=\"your-name\" \/><\/span> <\/label>\n<\/p>\n<p><label> Tu correo electr\u00f3nico<br \/>\n<span class=\"wpcf7-form-control-wrap\" data-name=\"your-email\"><input size=\"40\" maxlength=\"400\" class=\"wpcf7-form-control wpcf7-email wpcf7-validates-as-required wpcf7-text wpcf7-validates-as-email\" aria-required=\"true\" aria-invalid=\"false\" value=\"\" type=\"email\" name=\"your-email\" \/><\/span> <\/label>\n<\/p>\n<p><label> Asunto<br \/>\n<span class=\"wpcf7-form-control-wrap\" data-name=\"your-subject\"><input size=\"40\" maxlength=\"400\" class=\"wpcf7-form-control wpcf7-text wpcf7-validates-as-required\" aria-required=\"true\" aria-invalid=\"false\" value=\"\" type=\"text\" name=\"your-subject\" \/><\/span> <\/label>\n<\/p>\n<p><label> Tu mensaje (opcional)<br \/>\n<span class=\"wpcf7-form-control-wrap\" data-name=\"your-message\"><textarea cols=\"40\" rows=\"10\" maxlength=\"2000\" class=\"wpcf7-form-control wpcf7-textarea\" aria-invalid=\"false\" name=\"your-message\"><\/textarea><\/span> <\/label>\n<\/p>\n<p><input class=\"wpcf7-form-control wpcf7-submit has-spinner\" type=\"submit\" value=\"Enviar\" \/>\n<\/p>\n<div class=\"wpcf7-response-output\" aria-hidden=\"true\"><\/div>\n<\/form>\n<\/div>\n<p>[\/vc_column][vc_column width=\u00bb1\/3&#8243;][vc_message icon_fontawesome=\u00bbfas fa-file-pdf\u00bb css=\u00bb.vc_custom_1668282508323{margin-right: 10px !important;}\u00bb]<strong>DESC\u00c1RGATE EL CAT\u00c1LOGO<\/strong>[\/vc_message][vc_single_image image=\u00bb2546&#8243; img_size=\u00bbfull\u00bb onclick=\u00bbcustom_link\u00bb img_link_target=\u00bb_blank\u00bb link=\u00bbhttps:\/\/tekvimo.com\/tekvimo\/wp-content\/uploads\/2015\/05\/Schiatti_cat-gen_2016_LR.pdf\u00bb][\/vc_column][\/vc_row]<\/p>\n","protected":false},"excerpt":{"rendered":"<p>[vc_row][vc_column] SERIES FPD \u2013 TVF &#8211; FPMM [vc_single_image image=\u00bb4056&#8243; img_size=\u00bb850&#215;500&#8243; alignment=\u00bbcenter\u00bb css=\u00bb.vc_custom_1664364754560{margin-bottom: 30px !important;}\u00bb title=\u00bbSERIE FPD\u00bb][vc_single_image image=\u00bb4265&#8243; img_size=\u00bbfull\u00bb alignment=\u00bbcenter\u00bb css=\u00bb.vc_custom_1666523206309{margin-bottom: 30px !important;}\u00bb][vc_column_text]TALADRO CON PUNTAS OPUESTAS para hacer agujeros Adecuado para cristaler\u00edas de todos los tama\u00f1os para la producci\u00f3n de espejos, estantes para muebles de ba\u00f1o, vidrio laminado, mesas, vidrio para cocinas\u2026[\/vc_column_text][vc_column_text css=\u00bb.vc_custom_1668070759960{margin-left: 20px !important;}\u00bb] VersionesLeer m\u00e1s&#8230;<\/p>\n","protected":false},"author":1,"featured_media":0,"parent":2234,"menu_order":1,"comment_status":"closed","ping_status":"closed","template":"page-template\/left-sidebar.php","meta":{"footnotes":""},"class_list":["post-4053","page","type-page","status-publish","hentry"],"_links":{"self":[{"href":"https:\/\/tekvimo.com\/tekvimo\/wp-json\/wp\/v2\/pages\/4053","targetHints":{"allow":["GET"]}}],"collection":[{"href":"https:\/\/tekvimo.com\/tekvimo\/wp-json\/wp\/v2\/pages"}],"about":[{"href":"https:\/\/tekvimo.com\/tekvimo\/wp-json\/wp\/v2\/types\/page"}],"author":[{"embeddable":true,"href":"https:\/\/tekvimo.com\/tekvimo\/wp-json\/wp\/v2\/users\/1"}],"replies":[{"embeddable":true,"href":"https:\/\/tekvimo.com\/tekvimo\/wp-json\/wp\/v2\/comments?post=4053"}],"version-history":[{"count":14,"href":"https:\/\/tekvimo.com\/tekvimo\/wp-json\/wp\/v2\/pages\/4053\/revisions"}],"predecessor-version":[{"id":4613,"href":"https:\/\/tekvimo.com\/tekvimo\/wp-json\/wp\/v2\/pages\/4053\/revisions\/4613"}],"up":[{"embeddable":true,"href":"https:\/\/tekvimo.com\/tekvimo\/wp-json\/wp\/v2\/pages\/2234"}],"wp:attachment":[{"href":"https:\/\/tekvimo.com\/tekvimo\/wp-json\/wp\/v2\/media?parent=4053"}],"curies":[{"name":"wp","href":"https:\/\/api.w.org\/{rel}","templated":true}]}}